{"id":321,"date":"2023-07-26T18:25:20","date_gmt":"2023-07-26T16:25:20","guid":{"rendered":"https:\/\/julievidalenc.fr\/?page_id=321"},"modified":"2023-08-09T12:44:23","modified_gmt":"2023-08-09T10:44:23","slug":"sinscrire-a-la-newsletter","status":"publish","type":"page","link":"https:\/\/julievidalenc.fr\/index.php\/sinscrire-a-la-newsletter\/","title":{"rendered":"S&rsquo;inscrire \u00e0 la newsletter"},"content":{"rendered":"<p>[et_pb_section fb_built=\u00a0\u00bb1&Prime; fullwidth=\u00a0\u00bbon\u00a0\u00bb admin_label=\u00a0\u00bbHeader\u00a0\u00bb _builder_version=\u00a0\u00bb4.16&Prime; custom_padding=\u00a0\u00bb0px|0|0px|0px|false|false\u00a0\u00bb top_divider_style=\u00a0\u00bbarrow3&Prime; top_divider_color=\u00a0\u00bbrgba(255,255,255,0.3)\u00a0\u00bb top_divider_height=\u00a0\u00bb100%\u00a0\u00bb top_divider_repeat=\u00a0\u00bb2x\u00a0\u00bb bottom_divider_color=\u00a0\u00bbrgba(255,255,255,0.33)\u00a0\u00bb bottom_divider_height=\u00a0\u00bb500px\u00a0\u00bb global_colors_info=\u00a0\u00bb{}\u00a0\u00bb][et_pb_fullwidth_header title=\u00a0\u00bbNewsletter\u00a0\u00bb subhead=\u00a0\u00bbS&rsquo;inscrire pour conseils &#038; astuces\u00a0\u00bb text_orientation=\u00a0\u00bbcenter\u00a0\u00bb content_max_width=\u00a0\u00bb70%\u00a0\u00bb content_max_width_tablet=\u00a0\u00bb100%\u00a0\u00bb content_max_width_phone=\u00a0\u00bb\u00a0\u00bb content_max_width_last_edited=\u00a0\u00bbon|phone\u00a0\u00bb _builder_version=\u00a0\u00bb4.21.0&Prime; title_font=\u00a0\u00bbCormorant Garamond|500|||||||\u00a0\u00bb title_font_size=\u00a0\u00bb5vw\u00a0\u00bb title_line_height=\u00a0\u00bb1.5em\u00a0\u00bb content_font=\u00a0\u00bb||||||||\u00a0\u00bb subhead_font=\u00a0\u00bbPoppins|700||on|||||\u00a0\u00bb subhead_font_size=\u00a0\u00bb16px\u00a0\u00bb subhead_letter_spacing=\u00a0\u00bb12px\u00a0\u00bb subhead_line_height=\u00a0\u00bb2em\u00a0\u00bb background_color=\u00a0\u00bb#FFFFFF\u00a0\u00bb background_image=\u00a0\u00bbhttps:\/\/julievidalenc.fr\/wp-content\/uploads\/2023\/07\/1920&#215;1001-Contact.jpg\u00a0\u00bb parallax=\u00a0\u00bbon\u00a0\u00bb parallax_method=\u00a0\u00bbon\u00a0\u00bb custom_button_one=\u00a0\u00bbon\u00a0\u00bb button_one_text_size=\u00a0\u00bb14px\u00a0\u00bb button_one_text_color=\u00a0\u00bb#000000&Prime; button_one_bg_color=\u00a0\u00bb#ffffff\u00a0\u00bb button_one_border_width=\u00a0\u00bb14px\u00a0\u00bb button_one_border_color=\u00a0\u00bb#ffffff\u00a0\u00bb button_one_border_radius=\u00a0\u00bb0px\u00a0\u00bb button_one_letter_spacing=\u00a0\u00bb4px\u00a0\u00bb button_one_font=\u00a0\u00bbPoppins|500||on|||||\u00a0\u00bb custom_margin=\u00a0\u00bb||||false\u00a0\u00bb custom_padding=\u00a0\u00bb10vw||10vw||true\u00a0\u00bb title_font_size_tablet=\u00a0\u00bb40px\u00a0\u00bb title_font_size_phone=\u00a0\u00bb\u00a0\u00bb title_font_size_last_edited=\u00a0\u00bbon|desktop\u00a0\u00bb subhead_font_size_tablet=\u00a0\u00bb40px\u00a0\u00bb subhead_font_size_last_edited=\u00a0\u00bboff|desktop\u00a0\u00bb subhead_letter_spacing_tablet=\u00a0\u00bb\u00a0\u00bb subhead_letter_spacing_phone=\u00a0\u00bb0px\u00a0\u00bb subhead_letter_spacing_last_edited=\u00a0\u00bbon|phone\u00a0\u00bb button_one_border_color_hover=\u00a0\u00bb#ecd5c5&Prime; button_one_border_radius_hover=\u00a0\u00bb0px\u00a0\u00bb button_one_letter_spacing_hover=\u00a0\u00bb4px\u00a0\u00bb button_one_bg_color_hover=\u00a0\u00bb#ecd5c5&Prime; global_colors_info=\u00a0\u00bb{}\u00a0\u00bb button_one_text_size__hover_enabled=\u00a0\u00bboff\u00a0\u00bb button_two_text_size__hover_enabled=\u00a0\u00bboff\u00a0\u00bb button_one_text_color__hover_enabled=\u00a0\u00bboff\u00a0\u00bb button_two_text_color__hover_enabled=\u00a0\u00bboff\u00a0\u00bb button_one_border_width__hover_enabled=\u00a0\u00bboff\u00a0\u00bb button_two_border_width__hover_enabled=\u00a0\u00bboff\u00a0\u00bb button_one_border_color__hover_enabled=\u00a0\u00bbon\u00a0\u00bb button_one_border_color__hover=\u00a0\u00bb#ecd5c5&Prime; button_two_border_color__hover_enabled=\u00a0\u00bboff\u00a0\u00bb button_one_border_radius__hover_enabled=\u00a0\u00bbon\u00a0\u00bb button_one_border_radius__hover=\u00a0\u00bb0px\u00a0\u00bb button_two_border_radius__hover_enabled=\u00a0\u00bboff\u00a0\u00bb button_one_letter_spacing__hover_enabled=\u00a0\u00bbon\u00a0\u00bb button_one_letter_spacing__hover=\u00a0\u00bb4px\u00a0\u00bb button_two_letter_spacing__hover_enabled=\u00a0\u00bboff\u00a0\u00bb button_one_bg_color__hover_enabled=\u00a0\u00bbon\u00a0\u00bb button_one_bg_color__hover=\u00a0\u00bb#ecd5c5&Prime; button_two_bg_color__hover_enabled=\u00a0\u00bboff\u00a0\u00bb][\/et_pb_fullwidth_header][\/et_pb_section][et_pb_section fb_built=\u00a0\u00bb1&Prime; admin_label=\u00a0\u00bbSubscribe\u00a0\u00bb _builder_version=\u00a0\u00bb4.21.2&Prime; background_enable_image=\u00a0\u00bboff\u00a0\u00bb custom_padding=\u00a0\u00bb100px|0px|0px|0px|false|false\u00a0\u00bb hover_enabled=\u00a0\u00bb0&Prime; saved_tabs=\u00a0\u00bball\u00a0\u00bb global_colors_info=\u00a0\u00bb{}\u00a0\u00bb sticky_enabled=\u00a0\u00bb0&Prime;][et_pb_row column_structure=\u00a0\u00bb1_4,1_2,1_4&Prime; use_custom_gutter=\u00a0\u00bbon\u00a0\u00bb admin_label=\u00a0\u00bbSubscribe Row\u00a0\u00bb module_class=\u00a0\u00bb et_pb_row_fullwidth\u00a0\u00bb _builder_version=\u00a0\u00bb4.16&Prime; width=\u00a0\u00bb89%\u00a0\u00bb width_tablet=\u00a0\u00bb80%\u00a0\u00bb width_phone=\u00a0\u00bb80%\u00a0\u00bb width_last_edited=\u00a0\u00bbon|desktop\u00a0\u00bb max_width=\u00a0\u00bb89%\u00a0\u00bb max_width_tablet=\u00a0\u00bb80%\u00a0\u00bb max_width_phone=\u00a0\u00bb80%\u00a0\u00bb max_width_last_edited=\u00a0\u00bbon|desktop\u00a0\u00bb make_fullwidth=\u00a0\u00bbon\u00a0\u00bb global_colors_info=\u00a0\u00bb{}\u00a0\u00bb][et_pb_column type=\u00a0\u00bb1_4&Prime; _builder_version=\u00a0\u00bb4.16&Prime; custom_padding=\u00a0\u00bb|||\u00a0\u00bb global_colors_info=\u00a0\u00bb{}\u00a0\u00bb custom_padding__hover=\u00a0\u00bb|||\u00a0\u00bb][\/et_pb_column][et_pb_column type=\u00a0\u00bb1_2&Prime; _builder_version=\u00a0\u00bb4.16&Prime; custom_padding=\u00a0\u00bb|||\u00a0\u00bb global_colors_info=\u00a0\u00bb{}\u00a0\u00bb custom_padding__hover=\u00a0\u00bb|||\u00a0\u00bb][et_pb_signup provider=\u00a0\u00bbsendinblue\u00a0\u00bb sendinblue_list=\u00a0\u00bbBREVO BEYLA JULIE VIDALENC|3&Prime; first_name_field=\u00a0\u00bboff\u00a0\u00bb last_name_field=\u00a0\u00bboff\u00a0\u00bb title=\u00a0\u00bbS&rsquo;inscrire \u00e0 la Newsletter\u00a0\u00bb button_text=\u00a0\u00bbje m&rsquo;inscris \u00e0 la newsletter\u00a0\u00bb description=\u00a0\u00bb<\/p>\n<p style=%22text-align: center;%22>Le sommeil reste souvent le \u00ab grand oubli\u00e9 \u00bb du monde de la sant\u00e9 et du bien-\u00eatre. Pour recevoir mes conseils et la p\u00e9dagogie que je propose autour de ce th\u00e8me, <strong>inscrivez-vous \u00e0 la newsletter.<\/strong><\/p>\n<p>\u00a0\u00bb _builder_version=\u00a0\u00bb4.21.0&Prime; _module_preset=\u00a0\u00bbdefault\u00a0\u00bb form_field_background_color=\u00a0\u00bb#f7f7f7&Prime; form_field_text_color=\u00a0\u00bb#7b7b7b\u00a0\u00bb form_field_focus_background_color=\u00a0\u00bb#f7f7f7&Prime; form_field_focus_text_color=\u00a0\u00bb#7b7b7b\u00a0\u00bb header_level=\u00a0\u00bbh3&Prime; header_text_align=\u00a0\u00bbcenter\u00a0\u00bb header_text_color=\u00a0\u00bb#99236E\u00a0\u00bb header_font_size=\u00a0\u00bb45px\u00a0\u00bb body_text_color=\u00a0\u00bb#7b7b7b\u00a0\u00bb body_font_size=\u00a0\u00bb18px\u00a0\u00bb result_message_text_color=\u00a0\u00bb#7b7b7b\u00a0\u00bb result_message_font_size=\u00a0\u00bb18px\u00a0\u00bb background_color=\u00a0\u00bbRGBA(255,255,255,0)\u00a0\u00bb custom_button=\u00a0\u00bbon\u00a0\u00bb button_text_size=\u00a0\u00bb18px\u00a0\u00bb button_text_color=\u00a0\u00bb#FFFFFF\u00a0\u00bb button_bg_color=\u00a0\u00bb#c4beba\u00a0\u00bb button_border_color=\u00a0\u00bbRGBA(255,255,255,0)\u00a0\u00bb button_border_radius=\u00a0\u00bb0px\u00a0\u00bb button_letter_spacing=\u00a0\u00bb3px\u00a0\u00bb button_font=\u00a0\u00bbPoppins|600||||on|||\u00a0\u00bb button_custom_margin=\u00a0\u00bb||||false|false\u00a0\u00bb button_custom_padding=\u00a0\u00bb15px||15px||false|false\u00a0\u00bb border_color_all_fields=\u00a0\u00bb#99236E\u00a0\u00bb global_colors_info=\u00a0\u00bb{}\u00a0\u00bb][\/et_pb_signup][et_pb_text _builder_version=\u00a0\u00bb4.21.2&Prime; _module_preset=\u00a0\u00bbdefault\u00a0\u00bb hover_enabled=\u00a0\u00bb0&Prime; global_colors_info=\u00a0\u00bb{}\u00a0\u00bb text_font_size=\u00a0\u00bb12px\u00a0\u00bb text_line_height=\u00a0\u00bb1.8em\u00a0\u00bb sticky_enabled=\u00a0\u00bb0&Prime;]<\/p>\n<p style=\"text-align: center;\"><em>Conform\u00e9ment aux articles L.616-1 et R.616-1 du code de la consommation, l\u2019EURL BEYLA a mis en place un dispositif de m\u00e9diation de la consommation. L\u2019entit\u00e9 de m\u00e9diation retenue est : SAS CNPM \u2013 M\u00c9DIATION \u2013 CONSOMMATION.\u00a0 En cas de litige, le consommateur pourra d\u00e9poser sa r\u00e9clamation sur le site : <a href=\"http:\/\/cnpm-mediation-consommation.eu\">http:\/\/cnpm-mediation-consommation.eu<\/a> ou par voie postale en \u00e9crivant \u00e0 CNPM \u2013 M\u00c9DIATION \u2013 CONSOMMATION &#8211; 27, avenue de la Lib\u00e9ration \u2013 42400 SAINT-CHAMOND<\/em><\/p>\n<p>[\/et_pb_text][et_pb_code _builder_version=\u00a0\u00bb4.21.0&Prime; _module_preset=\u00a0\u00bbdefault\u00a0\u00bb global_colors_info=\u00a0\u00bb{}\u00a0\u00bb][\/et_pb_code][\/et_pb_column][et_pb_column type=\u00a0\u00bb1_4&Prime; _builder_version=\u00a0\u00bb4.16&Prime; custom_padding=\u00a0\u00bb|||\u00a0\u00bb global_colors_info=\u00a0\u00bb{}\u00a0\u00bb custom_padding__hover=\u00a0\u00bb|||\u00a0\u00bb][\/et_pb_column][\/et_pb_row][\/et_pb_section]<\/p>\n","protected":false},"excerpt":{"rendered":"<p>Conform\u00e9ment aux articles L.616-1 et R.616-1 du code de la consommation, l\u2019EURL BEYLA a mis en place un dispositif de m\u00e9diation de la consommation. L\u2019entit\u00e9 de m\u00e9diation retenue est : SAS CNPM \u2013 M\u00c9DIATION \u2013 CONSOMMATION.\u00a0 En cas de litige, le consommateur pourra d\u00e9poser sa r\u00e9clamation sur le site : http:\/\/cnpm-mediation-consommation.eu ou par voie postale [&hellip;]<\/p>\n","protected":false},"author":1,"featured_media":0,"parent":0,"menu_order":0,"comment_status":"closed","ping_status":"closed","template":"","meta":{"_et_pb_use_builder":"on","_et_pb_old_content":"","_et_gb_content_width":"","footnotes":""},"class_list":["post-321","page","type-page","status-publish","hentry"],"yoast_head":"<!-- This site is optimized with the Yoast SEO plugin v27.4 - https:\/\/yoast.com\/product\/yoast-seo-wordpress\/ -->\n<title>S&#039;inscrire \u00e0 la newsletter - Julie Vidalenc<\/title>\n<meta name=\"description\" content=\"Sp\u00e9cialiste du sommeil de l\u2019adulte et de l\u2019enfant \u00e0 Nantes. Pour recevoir des conseils pour bien dormir, inscrivez-vous \u00e0 la newsletter.\" \/>\n<meta name=\"robots\" content=\"index, follow, max-snippet:-1, max-image-preview:large, max-video-preview:-1\" \/>\n<link rel=\"canonical\" href=\"https:\/\/julievidalenc.fr\/index.php\/sinscrire-a-la-newsletter\/\" \/>\n<meta property=\"og:locale\" content=\"fr_FR\" \/>\n<meta property=\"og:type\" content=\"article\" \/>\n<meta property=\"og:title\" content=\"S&#039;inscrire \u00e0 la newsletter - Julie Vidalenc\" \/>\n<meta property=\"og:description\" content=\"Sp\u00e9cialiste du sommeil de l\u2019adulte et de l\u2019enfant \u00e0 Nantes. Pour recevoir des conseils pour bien dormir, inscrivez-vous \u00e0 la newsletter.\" \/>\n<meta property=\"og:url\" content=\"https:\/\/julievidalenc.fr\/index.php\/sinscrire-a-la-newsletter\/\" \/>\n<meta property=\"og:site_name\" content=\"Julie Vidalenc\" \/>\n<meta property=\"article:modified_time\" content=\"2023-08-09T10:44:23+00:00\" \/>\n<meta name=\"twitter:card\" content=\"summary_large_image\" \/>\n<meta name=\"twitter:label1\" content=\"Dur\u00e9e de lecture estim\u00e9e\" \/>\n\t<meta name=\"twitter:data1\" content=\"2 minutes\" \/>\n<script type=\"application\/ld+json\" class=\"yoast-schema-graph\">{\"@context\":\"https:\\\/\\\/schema.org\",\"@graph\":[{\"@type\":\"WebPage\",\"@id\":\"https:\\\/\\\/julievidalenc.fr\\\/index.php\\\/sinscrire-a-la-newsletter\\\/\",\"url\":\"https:\\\/\\\/julievidalenc.fr\\\/index.php\\\/sinscrire-a-la-newsletter\\\/\",\"name\":\"S'inscrire \u00e0 la newsletter - Julie Vidalenc\",\"isPartOf\":{\"@id\":\"https:\\\/\\\/julievidalenc.fr\\\/#website\"},\"datePublished\":\"2023-07-26T16:25:20+00:00\",\"dateModified\":\"2023-08-09T10:44:23+00:00\",\"description\":\"Sp\u00e9cialiste du sommeil de l\u2019adulte et de l\u2019enfant \u00e0 Nantes. Pour recevoir des conseils pour bien dormir, inscrivez-vous \u00e0 la newsletter.\",\"breadcrumb\":{\"@id\":\"https:\\\/\\\/julievidalenc.fr\\\/index.php\\\/sinscrire-a-la-newsletter\\\/#breadcrumb\"},\"inLanguage\":\"fr-FR\",\"potentialAction\":[{\"@type\":\"ReadAction\",\"target\":[\"https:\\\/\\\/julievidalenc.fr\\\/index.php\\\/sinscrire-a-la-newsletter\\\/\"]}]},{\"@type\":\"BreadcrumbList\",\"@id\":\"https:\\\/\\\/julievidalenc.fr\\\/index.php\\\/sinscrire-a-la-newsletter\\\/#breadcrumb\",\"itemListElement\":[{\"@type\":\"ListItem\",\"position\":1,\"name\":\"Accueil\",\"item\":\"https:\\\/\\\/julievidalenc.fr\\\/\"},{\"@type\":\"ListItem\",\"position\":2,\"name\":\"S&rsquo;inscrire \u00e0 la newsletter\"}]},{\"@type\":\"WebSite\",\"@id\":\"https:\\\/\\\/julievidalenc.fr\\\/#website\",\"url\":\"https:\\\/\\\/julievidalenc.fr\\\/\",\"name\":\"Julie Vidalenc\",\"description\":\"Sp\u00e9cialiste du sommeil Nantes\",\"publisher\":{\"@id\":\"https:\\\/\\\/julievidalenc.fr\\\/#organization\"},\"potentialAction\":[{\"@type\":\"SearchAction\",\"target\":{\"@type\":\"EntryPoint\",\"urlTemplate\":\"https:\\\/\\\/julievidalenc.fr\\\/?s={search_term_string}\"},\"query-input\":{\"@type\":\"PropertyValueSpecification\",\"valueRequired\":true,\"valueName\":\"search_term_string\"}}],\"inLanguage\":\"fr-FR\"},{\"@type\":\"Organization\",\"@id\":\"https:\\\/\\\/julievidalenc.fr\\\/#organization\",\"name\":\"Julie Vidalenc\",\"url\":\"https:\\\/\\\/julievidalenc.fr\\\/\",\"logo\":{\"@type\":\"ImageObject\",\"inLanguage\":\"fr-FR\",\"@id\":\"https:\\\/\\\/julievidalenc.fr\\\/#\\\/schema\\\/logo\\\/image\\\/\",\"url\":\"http:\\\/\\\/julievidalenc.fr\\\/wp-content\\\/uploads\\\/2023\\\/07\\\/LogoJVidalenc_RVB.png\",\"contentUrl\":\"http:\\\/\\\/julievidalenc.fr\\\/wp-content\\\/uploads\\\/2023\\\/07\\\/LogoJVidalenc_RVB.png\",\"width\":1258,\"height\":960,\"caption\":\"Julie Vidalenc\"},\"image\":{\"@id\":\"https:\\\/\\\/julievidalenc.fr\\\/#\\\/schema\\\/logo\\\/image\\\/\"}}]}<\/script>\n<!-- \/ Yoast SEO plugin. -->","yoast_head_json":{"title":"S'inscrire \u00e0 la newsletter - Julie Vidalenc","description":"Sp\u00e9cialiste du sommeil de l\u2019adulte et de l\u2019enfant \u00e0 Nantes. Pour recevoir des conseils pour bien dormir, inscrivez-vous \u00e0 la newsletter.","robots":{"index":"index","follow":"follow","max-snippet":"max-snippet:-1","max-image-preview":"max-image-preview:large","max-video-preview":"max-video-preview:-1"},"canonical":"https:\/\/julievidalenc.fr\/index.php\/sinscrire-a-la-newsletter\/","og_locale":"fr_FR","og_type":"article","og_title":"S'inscrire \u00e0 la newsletter - Julie Vidalenc","og_description":"Sp\u00e9cialiste du sommeil de l\u2019adulte et de l\u2019enfant \u00e0 Nantes. Pour recevoir des conseils pour bien dormir, inscrivez-vous \u00e0 la newsletter.","og_url":"https:\/\/julievidalenc.fr\/index.php\/sinscrire-a-la-newsletter\/","og_site_name":"Julie Vidalenc","article_modified_time":"2023-08-09T10:44:23+00:00","twitter_card":"summary_large_image","twitter_misc":{"Dur\u00e9e de lecture estim\u00e9e":"2 minutes"},"schema":{"@context":"https:\/\/schema.org","@graph":[{"@type":"WebPage","@id":"https:\/\/julievidalenc.fr\/index.php\/sinscrire-a-la-newsletter\/","url":"https:\/\/julievidalenc.fr\/index.php\/sinscrire-a-la-newsletter\/","name":"S'inscrire \u00e0 la newsletter - Julie Vidalenc","isPartOf":{"@id":"https:\/\/julievidalenc.fr\/#website"},"datePublished":"2023-07-26T16:25:20+00:00","dateModified":"2023-08-09T10:44:23+00:00","description":"Sp\u00e9cialiste du sommeil de l\u2019adulte et de l\u2019enfant \u00e0 Nantes. Pour recevoir des conseils pour bien dormir, inscrivez-vous \u00e0 la newsletter.","breadcrumb":{"@id":"https:\/\/julievidalenc.fr\/index.php\/sinscrire-a-la-newsletter\/#breadcrumb"},"inLanguage":"fr-FR","potentialAction":[{"@type":"ReadAction","target":["https:\/\/julievidalenc.fr\/index.php\/sinscrire-a-la-newsletter\/"]}]},{"@type":"BreadcrumbList","@id":"https:\/\/julievidalenc.fr\/index.php\/sinscrire-a-la-newsletter\/#breadcrumb","itemListElement":[{"@type":"ListItem","position":1,"name":"Accueil","item":"https:\/\/julievidalenc.fr\/"},{"@type":"ListItem","position":2,"name":"S&rsquo;inscrire \u00e0 la newsletter"}]},{"@type":"WebSite","@id":"https:\/\/julievidalenc.fr\/#website","url":"https:\/\/julievidalenc.fr\/","name":"Julie Vidalenc","description":"Sp\u00e9cialiste du sommeil Nantes","publisher":{"@id":"https:\/\/julievidalenc.fr\/#organization"},"potentialAction":[{"@type":"SearchAction","target":{"@type":"EntryPoint","urlTemplate":"https:\/\/julievidalenc.fr\/?s={search_term_string}"},"query-input":{"@type":"PropertyValueSpecification","valueRequired":true,"valueName":"search_term_string"}}],"inLanguage":"fr-FR"},{"@type":"Organization","@id":"https:\/\/julievidalenc.fr\/#organization","name":"Julie Vidalenc","url":"https:\/\/julievidalenc.fr\/","logo":{"@type":"ImageObject","inLanguage":"fr-FR","@id":"https:\/\/julievidalenc.fr\/#\/schema\/logo\/image\/","url":"http:\/\/julievidalenc.fr\/wp-content\/uploads\/2023\/07\/LogoJVidalenc_RVB.png","contentUrl":"http:\/\/julievidalenc.fr\/wp-content\/uploads\/2023\/07\/LogoJVidalenc_RVB.png","width":1258,"height":960,"caption":"Julie Vidalenc"},"image":{"@id":"https:\/\/julievidalenc.fr\/#\/schema\/logo\/image\/"}}]}},"_links":{"self":[{"href":"https:\/\/julievidalenc.fr\/index.php\/wp-json\/wp\/v2\/pages\/321","targetHints":{"allow":["GET"]}}],"collection":[{"href":"https:\/\/julievidalenc.fr\/index.php\/wp-json\/wp\/v2\/pages"}],"about":[{"href":"https:\/\/julievidalenc.fr\/index.php\/wp-json\/wp\/v2\/types\/page"}],"author":[{"embeddable":true,"href":"https:\/\/julievidalenc.fr\/index.php\/wp-json\/wp\/v2\/users\/1"}],"replies":[{"embeddable":true,"href":"https:\/\/julievidalenc.fr\/index.php\/wp-json\/wp\/v2\/comments?post=321"}],"version-history":[{"count":7,"href":"https:\/\/julievidalenc.fr\/index.php\/wp-json\/wp\/v2\/pages\/321\/revisions"}],"predecessor-version":[{"id":591,"href":"https:\/\/julievidalenc.fr\/index.php\/wp-json\/wp\/v2\/pages\/321\/revisions\/591"}],"wp:attachment":[{"href":"https:\/\/julievidalenc.fr\/index.php\/wp-json\/wp\/v2\/media?parent=321"}],"curies":[{"name":"wp","href":"https:\/\/api.w.org\/{rel}","templated":true}]}}